{"id":487,"date":"2025-11-25T10:27:45","date_gmt":"2025-11-25T10:27:45","guid":{"rendered":"https:\/\/prosperiordinasabogados.com\/?page_id=487"},"modified":"2025-11-26T17:00:52","modified_gmt":"2025-11-26T17:00:52","slug":"cookie-preferences","status":"publish","type":"page","link":"https:\/\/prosperiordinasabogados.com\/en\/preferencias-de-cookies\/","title":{"rendered":"Cookie Preferences"},"content":{"rendered":"<div data-elementor-type=\"wp-page\" data-elementor-id=\"487\" class=\"elementor elementor-487\" data-elementor-post-type=\"page\">\n\t\t\t\t<div class=\"elementor-element elementor-element-48a3b1ea e-flex e-con-boxed e-con e-parent\" data-id=\"48a3b1ea\" data-element_type=\"container\" data-e-type=\"container\" data-settings=\"{&quot;background_background&quot;:&quot;classic&quot;}\">\n\t\t\t\t\t<div class=\"e-con-inner\">\n\t\t<div class=\"elementor-element elementor-element-4850b88d e-flex e-con-boxed e-con e-child\" data-id=\"4850b88d\" data-element_type=\"container\" data-e-type=\"container\">\n\t\t\t\t\t<div class=\"e-con-inner\">\n\t\t\t\t<div class=\"elementor-element elementor-element-32dc0c86 elementor-widget elementor-widget-heading\" data-id=\"32dc0c86\" data-element_type=\"widget\" data-e-type=\"widget\" data-widget_type=\"heading.default\">\n\t\t\t\t\t<h1 class=\"elementor-heading-title elementor-size-default\">Cookie Preferences<\/h1>\t\t\t\t<\/div>\n\t\t\t\t\t<\/div>\n\t\t\t\t<\/div>\n\t\t\t\t\t<\/div>\n\t\t\t\t<\/div>\n\t\t<div class=\"elementor-element elementor-element-34c814a7 e-flex e-con-boxed e-con e-parent\" data-id=\"34c814a7\" data-element_type=\"container\" data-e-type=\"container\">\n\t\t\t\t\t<div class=\"e-con-inner\">\n\t\t<div class=\"elementor-element elementor-element-77a9e186 e-con-full e-flex e-con e-child\" data-id=\"77a9e186\" data-element_type=\"container\" data-e-type=\"container\">\n\t\t\t\t<div class=\"elementor-element elementor-element-184cc7c0 elementor-widget elementor-widget-text-editor\" data-id=\"184cc7c0\" data-element_type=\"widget\" data-e-type=\"widget\" data-widget_type=\"text-editor.default\">\n\t\t\t\t\t\t\t\t\t<div><div id=\"custom-cookies-eu-label\">The https:\/\/prosperiordinasabogados.com website uses its own and third-party cookies for its correct functioning and for analytical purposes. By clicking the Accept button, you agree to the use of these technologies and the processing of your data for these purposes.<\/div><div>\u00a0<\/div><div id=\"custom-cookies-eu-buttons\" class=\"cookies-eu-buttons\"><button id=\"custom-cookies-eu-reject\" class=\"cookies-eu-reject\">REJECT<\/button>\u00a0<button id=\"custom-cookies-eu-accept\" class=\"cookies-eu-accept\">ACCEPT ALL COOKIES<\/button><\/div><\/div><p>\u00a0<\/p><p>You can change your cookie preferences at any time by returning to the Customise Cookies page, which you can access via the Cookie Notice. To find out more about cookies and how we use them, please see the\u00a0<a href=\"https:\/\/prosperiordinasabogados.com\/en\/cookie-policy\/\">Cookie Policy<\/a>.<\/p><h3>Technical cookies<\/h3><p>They are those that allow registered users to navigate through the website, the restricted area and to use its different functions, such as the comments system or the search engine, and cannot be deactivated.<\/p><div class=\"custom-cookies-option\"><h3>Analysis or measurement cookies<\/h3><input id=\"custom-cookies-accept-analytics\" class=\"custom-cookies-radio\" name=\"cookies-analytics-option\" type=\"radio\" value=\"true\" data-consent=\"ANLTCS\" \/>\u00a0<label for=\"custom-cookies-accept-analytics\">Activate<\/label>\u00a0\u00a0\u00a0\u00a0<input id=\"custom-cookies-reject-analytics\" class=\"custom-cookies-radio\" checked=\"checked\" name=\"cookies-analytics-option\" type=\"radio\" value=\"false\" data-consent=\"ANLTCS\" \/>\u00a0<label for=\"custom-cookies-reject-analytics\">Deactivate<\/label><\/div><p>They are those that, either processed by the website or by third parties, allow us to quantify the number of users and thus carry out the measurement and statistical analysis of the use made by users of the website. To do this, the browsing you do on this website is analysed in order to improve it.<\/p><div class=\"custom-cookies-option\"><h3>Social Cookies<\/h3><input id=\"custom-cookies-accept-social\" class=\"custom-cookies-radio\" name=\"cookies-social-option\" type=\"radio\" value=\"true\" data-consent=\"SCLS\" \/>\u00a0<label for=\"custom-cookies-accept-social\">Activate<\/label>\u00a0\u00a0\u00a0\u00a0<input id=\"custom-cookies-reject-social\" class=\"custom-cookies-radio\" checked=\"checked\" name=\"cookies-social-option\" type=\"radio\" value=\"false\" data-consent=\"SCLS\" \/>\u00a0<label for=\"custom-cookies-reject-social\">Deactivate<\/label><\/div><p>They are set up by social media platforms to allow users to share content with their friends and networks.<\/p>\t\t\t\t\t\t\t\t<\/div>\n\t\t\t\t<\/div>\n\t\t\t\t\t<\/div>\n\t\t\t\t<\/div>\n\t\t\t\t<\/div>","protected":false},"excerpt":{"rendered":"<p>El Sitio Web https:\/\/prosperiordinasabogados.com utiliza cookies propias y de terceros para su correcto funcionamiento y para fines anal\u00edticos. Al hacer clic en el bot\u00f3n Aceptar, acepta el uso de estas tecnolog\u00edas y el procesamiento de sus datos para estos prop\u00f3sitos.\u00a0RECHAZAR\u00a0ACEPTAR TODAS LAS COOKIES \u00a0 Puedes cambiar tus preferencias de cookies en cualquier momento si vuelves [&hellip;]<\/p>\n","protected":false},"author":1,"featured_media":0,"parent":0,"menu_order":0,"comment_status":"closed","ping_status":"closed","template":"elementor_header_footer","meta":{"_joinchat":[],"footnotes":""},"class_list":["post-487","page","type-page","status-publish","hentry"],"yoast_head":"<!-- This site is optimized with the Yoast SEO plugin v27.1.1 - https:\/\/yoast.com\/product\/yoast-seo-wordpress\/ -->\n<title>Preferencias de Cookies - Prosperi Ordinas Abogados<\/title>\n<meta name=\"robots\" content=\"noindex, nofollow\" \/>\n<meta property=\"og:locale\" content=\"en_GB\" \/>\n<meta property=\"og:type\" content=\"article\" \/>\n<meta property=\"og:title\" content=\"Preferencias de Cookies - Prosperi Ordinas Abogados\" \/>\n<meta property=\"og:description\" content=\"El Sitio Web https:\/\/prosperiordinasabogados.com utiliza cookies propias y de terceros para su correcto funcionamiento y para fines anal\u00edticos. Al hacer clic en el bot\u00f3n Aceptar, acepta el uso de estas tecnolog\u00edas y el procesamiento de sus datos para estos prop\u00f3sitos.\u00a0RECHAZAR\u00a0ACEPTAR TODAS LAS COOKIES \u00a0 Puedes cambiar tus preferencias de cookies en cualquier momento si vuelves [&hellip;]\" \/>\n<meta property=\"og:url\" content=\"https:\/\/prosperiordinasabogados.com\/en\/cookie-preferences\/\" \/>\n<meta property=\"og:site_name\" content=\"Prosperi Ordinas Abogados\" \/>\n<meta property=\"article:modified_time\" content=\"2025-11-26T17:00:52+00:00\" \/>\n<meta name=\"twitter:card\" content=\"summary_large_image\" \/>\n<meta name=\"twitter:label1\" content=\"Estimated reading time\" \/>\n\t<meta name=\"twitter:data1\" content=\"1 minute\" \/>\n<script type=\"application\/ld+json\" class=\"yoast-schema-graph\">{\"@context\":\"https:\/\/schema.org\",\"@graph\":[{\"@type\":\"WebPage\",\"@id\":\"https:\/\/prosperiordinasabogados.com\/preferencias-de-cookies\/\",\"url\":\"https:\/\/prosperiordinasabogados.com\/preferencias-de-cookies\/\",\"name\":\"Preferencias de Cookies - Prosperi Ordinas Abogados\",\"isPartOf\":{\"@id\":\"https:\/\/prosperiordinasabogados.com\/#website\"},\"datePublished\":\"2025-11-25T10:27:45+00:00\",\"dateModified\":\"2025-11-26T17:00:52+00:00\",\"breadcrumb\":{\"@id\":\"https:\/\/prosperiordinasabogados.com\/preferencias-de-cookies\/#breadcrumb\"},\"inLanguage\":\"en-GB\",\"potentialAction\":[{\"@type\":\"ReadAction\",\"target\":[\"https:\/\/prosperiordinasabogados.com\/preferencias-de-cookies\/\"]}]},{\"@type\":\"BreadcrumbList\",\"@id\":\"https:\/\/prosperiordinasabogados.com\/preferencias-de-cookies\/#breadcrumb\",\"itemListElement\":[{\"@type\":\"ListItem\",\"position\":1,\"name\":\"Portada\",\"item\":\"https:\/\/prosperiordinasabogados.com\/\"},{\"@type\":\"ListItem\",\"position\":2,\"name\":\"Preferencias de Cookies\"}]},{\"@type\":\"WebSite\",\"@id\":\"https:\/\/prosperiordinasabogados.com\/#website\",\"url\":\"https:\/\/prosperiordinasabogados.com\/\",\"name\":\"Prosperi Ordinas Abogados\",\"description\":\"Despacho de Abogados especializado en Palma de Mallorca. Te cuidamos en todo lo relacionado al Derecho Civil y Mercantil.\",\"publisher\":{\"@id\":\"https:\/\/prosperiordinasabogados.com\/#organization\"},\"potentialAction\":[{\"@type\":\"SearchAction\",\"target\":{\"@type\":\"EntryPoint\",\"urlTemplate\":\"https:\/\/prosperiordinasabogados.com\/?s={search_term_string}\"},\"query-input\":{\"@type\":\"PropertyValueSpecification\",\"valueRequired\":true,\"valueName\":\"search_term_string\"}}],\"inLanguage\":\"en-GB\"},{\"@type\":\"Organization\",\"@id\":\"https:\/\/prosperiordinasabogados.com\/#organization\",\"name\":\"Prosperi Ordinas Abogados\",\"url\":\"https:\/\/prosperiordinasabogados.com\/\",\"logo\":{\"@type\":\"ImageObject\",\"inLanguage\":\"en-GB\",\"@id\":\"https:\/\/prosperiordinasabogados.com\/#\/schema\/logo\/image\/\",\"url\":\"https:\/\/prosperiordinasabogados.com\/wp-content\/uploads\/2025\/11\/prosperi-ordinas-abogados-mallorca.png\",\"contentUrl\":\"https:\/\/prosperiordinasabogados.com\/wp-content\/uploads\/2025\/11\/prosperi-ordinas-abogados-mallorca.png\",\"width\":821,\"height\":333,\"caption\":\"Prosperi Ordinas Abogados\"},\"image\":{\"@id\":\"https:\/\/prosperiordinasabogados.com\/#\/schema\/logo\/image\/\"}}]}<\/script>\n<!-- \/ Yoast SEO plugin. -->","yoast_head_json":{"title":"Cookie Preferences - Prosperi Ordinas Abogados","robots":{"index":"noindex","follow":"nofollow"},"og_locale":"en_GB","og_type":"article","og_title":"Preferencias de Cookies - Prosperi Ordinas Abogados","og_description":"El Sitio Web https:\/\/prosperiordinasabogados.com utiliza cookies propias y de terceros para su correcto funcionamiento y para fines anal\u00edticos. Al hacer clic en el bot\u00f3n Aceptar, acepta el uso de estas tecnolog\u00edas y el procesamiento de sus datos para estos prop\u00f3sitos.\u00a0RECHAZAR\u00a0ACEPTAR TODAS LAS COOKIES \u00a0 Puedes cambiar tus preferencias de cookies en cualquier momento si vuelves [&hellip;]","og_url":"https:\/\/prosperiordinasabogados.com\/en\/cookie-preferences\/","og_site_name":"Prosperi Ordinas Abogados","article_modified_time":"2025-11-26T17:00:52+00:00","twitter_card":"summary_large_image","twitter_misc":{"Estimated reading time":"1 minute"},"schema":{"@context":"https:\/\/schema.org","@graph":[{"@type":"WebPage","@id":"https:\/\/prosperiordinasabogados.com\/preferencias-de-cookies\/","url":"https:\/\/prosperiordinasabogados.com\/preferencias-de-cookies\/","name":"Cookie Preferences - Prosperi Ordinas Abogados","isPartOf":{"@id":"https:\/\/prosperiordinasabogados.com\/#website"},"datePublished":"2025-11-25T10:27:45+00:00","dateModified":"2025-11-26T17:00:52+00:00","breadcrumb":{"@id":"https:\/\/prosperiordinasabogados.com\/preferencias-de-cookies\/#breadcrumb"},"inLanguage":"en-GB","potentialAction":[{"@type":"ReadAction","target":["https:\/\/prosperiordinasabogados.com\/preferencias-de-cookies\/"]}]},{"@type":"BreadcrumbList","@id":"https:\/\/prosperiordinasabogados.com\/preferencias-de-cookies\/#breadcrumb","itemListElement":[{"@type":"ListItem","position":1,"name":"Portada","item":"https:\/\/prosperiordinasabogados.com\/"},{"@type":"ListItem","position":2,"name":"Preferencias de Cookies"}]},{"@type":"WebSite","@id":"https:\/\/prosperiordinasabogados.com\/#website","url":"https:\/\/prosperiordinasabogados.com\/","name":"Prosperi Ordinas Lawyers","description":"Law firm specialised in Palma de Mallorca. We take care of everything related to civil and corporate law.","publisher":{"@id":"https:\/\/prosperiordinasabogados.com\/#organization"},"potentialAction":[{"@type":"SearchAction","target":{"@type":"EntryPoint","urlTemplate":"https:\/\/prosperiordinasabogados.com\/?s={search_term_string}"},"query-input":{"@type":"PropertyValueSpecification","valueRequired":true,"valueName":"search_term_string"}}],"inLanguage":"en-GB"},{"@type":"Organization","@id":"https:\/\/prosperiordinasabogados.com\/#organization","name":"Prosperi Ordinas Lawyers","url":"https:\/\/prosperiordinasabogados.com\/","logo":{"@type":"ImageObject","inLanguage":"en-GB","@id":"https:\/\/prosperiordinasabogados.com\/#\/schema\/logo\/image\/","url":"https:\/\/prosperiordinasabogados.com\/wp-content\/uploads\/2025\/11\/prosperi-ordinas-abogados-mallorca.png","contentUrl":"https:\/\/prosperiordinasabogados.com\/wp-content\/uploads\/2025\/11\/prosperi-ordinas-abogados-mallorca.png","width":821,"height":333,"caption":"Prosperi Ordinas Abogados"},"image":{"@id":"https:\/\/prosperiordinasabogados.com\/#\/schema\/logo\/image\/"}}]}},"_links":{"self":[{"href":"https:\/\/prosperiordinasabogados.com\/en\/wp-json\/wp\/v2\/pages\/487","targetHints":{"allow":["GET"]}}],"collection":[{"href":"https:\/\/prosperiordinasabogados.com\/en\/wp-json\/wp\/v2\/pages"}],"about":[{"href":"https:\/\/prosperiordinasabogados.com\/en\/wp-json\/wp\/v2\/types\/page"}],"author":[{"embeddable":true,"href":"https:\/\/prosperiordinasabogados.com\/en\/wp-json\/wp\/v2\/users\/1"}],"replies":[{"embeddable":true,"href":"https:\/\/prosperiordinasabogados.com\/en\/wp-json\/wp\/v2\/comments?post=487"}],"version-history":[{"count":13,"href":"https:\/\/prosperiordinasabogados.com\/en\/wp-json\/wp\/v2\/pages\/487\/revisions"}],"predecessor-version":[{"id":901,"href":"https:\/\/prosperiordinasabogados.com\/en\/wp-json\/wp\/v2\/pages\/487\/revisions\/901"}],"wp:attachment":[{"href":"https:\/\/prosperiordinasabogados.com\/en\/wp-json\/wp\/v2\/media?parent=487"}],"curies":[{"name":"wp","href":"https:\/\/api.w.org\/{rel}","templated":true}]}}