{"id":485,"date":"2025-11-25T10:27:11","date_gmt":"2025-11-25T10:27:11","guid":{"rendered":"https:\/\/prosperiordinasabogados.com\/?page_id=485"},"modified":"2025-11-26T16:59:58","modified_gmt":"2025-11-26T16:59:58","slug":"cookie-policy","status":"publish","type":"page","link":"https:\/\/prosperiordinasabogados.com\/en\/politica-de-cookies\/","title":{"rendered":"Cookie Policy"},"content":{"rendered":"<div data-elementor-type=\"wp-page\" data-elementor-id=\"485\" class=\"elementor elementor-485\" data-elementor-post-type=\"page\">\n\t\t\t\t<div class=\"elementor-element elementor-element-17186922 e-flex e-con-boxed e-con e-parent\" data-id=\"17186922\" data-element_type=\"container\" data-e-type=\"container\" data-settings=\"{&quot;background_background&quot;:&quot;classic&quot;}\">\n\t\t\t\t\t<div class=\"e-con-inner\">\n\t\t<div class=\"elementor-element elementor-element-57ae2f23 e-flex e-con-boxed e-con e-child\" data-id=\"57ae2f23\" data-element_type=\"container\" data-e-type=\"container\">\n\t\t\t\t\t<div class=\"e-con-inner\">\n\t\t\t\t<div class=\"elementor-element elementor-element-1cb9fb68 elementor-widget elementor-widget-heading\" data-id=\"1cb9fb68\" data-element_type=\"widget\" data-e-type=\"widget\" data-widget_type=\"heading.default\">\n\t\t\t\t\t<h1 class=\"elementor-heading-title elementor-size-default\">Cookie Policy<\/h1>\t\t\t\t<\/div>\n\t\t\t\t\t<\/div>\n\t\t\t\t<\/div>\n\t\t\t\t\t<\/div>\n\t\t\t\t<\/div>\n\t\t<div class=\"elementor-element elementor-element-5edd920a e-flex e-con-boxed e-con e-parent\" data-id=\"5edd920a\" data-element_type=\"container\" data-e-type=\"container\">\n\t\t\t\t\t<div class=\"e-con-inner\">\n\t\t<div class=\"elementor-element elementor-element-52aeb7e4 e-con-full e-flex e-con e-child\" data-id=\"52aeb7e4\" data-element_type=\"container\" data-e-type=\"container\">\n\t\t\t\t<div class=\"elementor-element elementor-element-32e1c329 elementor-widget elementor-widget-text-editor\" data-id=\"32e1c329\" data-element_type=\"widget\" data-e-type=\"widget\" data-widget_type=\"text-editor.default\">\n\t\t\t\t\t\t\t\t\t<h2>What are cookies?<\/h2><p>When you access our Website, a small amount of text is stored on your device's browser called a \u00abcookie\u00bb. This text contains various information about your browsing habits, preferences, personalisation of content, etc...<\/p><p>There are other technologies that work in a similar way and are also used to collect data about your browsing activity. We will call all of these technologies together \u00abcookies\u00bb.<\/p><p>The specific uses we make of these technologies are described in this document.<\/p><h2>What are cookies used for on this website?<\/h2><p>Cookies are an essential part of how the Website works. The main purpose of our cookies is to improve your browsing experience. For example, to remember your preferences (language, country, etc.) during browsing and on future visits. The information collected in cookies also allows us to improve the website, adapt it to your interests as a user, speed up the searches you make, etc...<\/p><p>In certain cases, if we have obtained your prior informed consent, we may use cookies for other purposes, such as to obtain information that allows us to show you advertising based on the analysis of your browsing habits.<\/p><h2>What are cookies NOT used for on this website?<\/h2><p>No sensitive personally identifiable information such as your name, address, password, etc. is stored in the cookies we use.<\/p><h2>Who uses the information stored in cookies?<\/h2><p>The information stored in the cookies on our website is used exclusively by us, with the exception of those identified below as \u00abthird-party cookies\u00bb, which are used and managed by external entities that provide us with services that improve the user experience. For example, the statistics collected on the number of visits, the most popular content, etc. are usually managed by Google Analytics.<\/p><h2>How can you prevent the use of cookies on this Website?<\/h2><p>If you prefer to avoid the use of cookies, you can REJECT their use or you can CONFIGURE the ones you want to avoid and the ones you are allowed to use (in this document we give you more information about each type of cookie, their purpose, recipient, temporality, etc... ).<\/p><p>If you have accepted them, we will not ask you again unless you delete the cookies on your device as set out in the section below. If you want to revoke consent you will need to delete the cookies and reset them.<\/p><h2>How do I disable and delete the use of cookies?<\/h2><p>To restrict, block or delete cookies from this Website (and those used by third parties) you can do so, at any time, by modifying your browser settings. Please note that these settings are different for each browser.<\/p><p>The following links provide instructions on how to enable or disable cookies in the most common browsers.<\/p><ul><li><a href=\"http:\/\/support.mozilla.org\/es\/kb\/habilitar-y-deshabilitar-cookies-que-los-sitios-we\" target=\"_blank\" rel=\"nofollow noopener\">Firefox<\/a><\/li><li><a href=\"https:\/\/support.google.com\/chrome\/answer\/95647?hl=es\" target=\"_blank\" rel=\"noopener noreferrer nofollow\">Google Chrome<\/a><\/li><li><a href=\"https:\/\/support.microsoft.com\/es-es\/help\/17442\/windows-internet-explorer-delete-manage-cookies#ie=%22ie-10\" target=\"_blank\" rel=\"noopener noreferrer nofollow\">Internet Explorer<\/a><\/li><li><a href=\"https:\/\/support.microsoft.com\/es-es\/help\/4468242\/microsoft-edge-browsing-data-and-privacy\" target=\"_blank\" rel=\"noopener noreferrer nofollow\">Microsoft Edge<\/a><\/li><li><a href=\"http:\/\/support.apple.com\/kb\/HT1677?viewlocale=es_ES\" target=\"_blank\" rel=\"nofollow noopener\">Safari<\/a><\/li><\/ul><h2>What types of cookies are used on this website?<\/h2><p>Each website uses its own cookies. We use the cookies listed below on our website:<\/p><p><b>ACCORDING TO THE ENTITY THAT MANAGES IT<\/b><\/p><p><b>Own cookies:<\/b><\/p><p>These are those that are sent to the User's terminal equipment from a computer or domain managed by the publisher itself and from which the service requested by the User is provided.<\/p><p><b>Third-party cookies:<\/b><\/p><p>Cookies are those that are sent to the User's terminal equipment from a computer or domain that is not managed by the editor, but by another entity that processes the data obtained through the cookies.<\/p><p>In the event that the cookies are served from a computer or domain managed by the editor itself, but the information collected through these is managed by a third party, they cannot be considered as own cookies if the third party uses them for its own purposes (for example, to improve the services it provides or to provide advertising services for other entities).<\/p><p><b>ACCORDING TO THEIR PURPOSE<\/b><\/p><p><b>Technical cookies:<\/b><\/p><p>They are those necessary for browsing and the proper functioning of our Website, such as, for example, controlling traffic and data communication, identifying the session, accessing restricted access areas, applying for registration or participation in an event, counting visits for the purposes of billing software licences for the software with which the Website service operates, using security elements during browsing, storing content for the broadcasting of videos or sound, enabling dynamic content (for example, text or image loading animation) or sharing content through social networks.<\/p><p><b>Analysis cookies:<\/b><\/p><p>They make it possible to quantify the number of users and thus carry out the measurement and statistical analysis of the use made by users of the Website.<\/p><p><b>Preference or personalisation cookies:<\/b><\/p><p>These are those that allow information to be remembered so that the User can access the service with certain characteristics that may differentiate their experience from that of other users, such as, for example, the language, the number of results to be displayed when the User performs a search, the appearance or content of the service depending on the type of browser through which the User accesses the service or the region from which the User accesses the service, etc.<\/p><p><b>ACCORDING TO THE LENGTH OF TIME THEY REMAIN ACTIVATED<\/b><\/p><p><b>Session cookies:<\/b><\/p><p>These are those designed to collect and store data while the User accesses a web page.<\/p><p>They are usually used to store information that is only relevant to the provision of the service requested by the User on a single occasion (e.g. a list of products purchased) and disappear at the end of the session.<\/p><p><b>Persistent cookies:<\/b><\/p><p>These are cookies in which the data remain stored in the terminal and can be accessed and processed for a period defined by the cookie owner, ranging from a few minutes to several years. In this respect, it should be specifically assessed whether the use of persistent cookies is necessary, since privacy risks could be reduced by using session cookies. In any case, when persistent cookies are set, it is recommended to reduce their temporary duration to the minimum necessary, taking into account the purpose of their use. To this end, WG29 Opinion 4\/2012 indicated that for a cookie to be exempt from the duty of informed consent, its expiry must be related to its purpose. As a result, session cookies are much more likely to be exempted than persistent cookies.<\/p><p>Cookies used by\u00a0<b>Prosperi Ordinas Lawyers<\/b>:<\/p><table><tbody><tr><td><p><b>Name<\/b><\/p><\/td><td><p><b>Origin<\/b><\/p><\/td><td><p><b>Purpose<\/b><\/p><\/td><td><p><b>Type<\/b><\/p><\/td><td><p><b>Expiry<\/b><\/p><\/td><\/tr><tr><td><p>_ga<\/p><\/td><td><p>.prosperiordinasabogados.com<\/p><\/td><td><p>Analytics (performance)<\/p><\/td><td><p>Own<\/p><\/td><td><p>1 year<\/p><\/td><\/tr><tr><td><p>_gid<\/p><\/td><td><p>.prosperiordinasabogados.com<\/p><\/td><td><p>Analytics (functionality)<\/p><\/td><td><p>Own<\/p><\/td><td><p>Session<\/p><\/td><\/tr><tr><td><p>CONSENT<\/p><\/td><td><p>.google.com<\/p><\/td><td><p>Technique (segmentation\/<\/p><p>advertising)<\/p><\/td><td><p>Third<\/p><\/td><td><p>17 years and 10 months<\/p><\/td><\/tr><tr><td><p>NID<\/p><\/td><td><p>.google.com<\/p><\/td><td><p>Technique (segmentation\/<\/p><p>advertising)<\/p><\/td><td><p>Third<\/p><\/td><td><p>6 months<\/p><\/td><\/tr><\/tbody><\/table><p>List of third party cookies used by<b> Prosperi Ordinas Lawyers:<\/b><\/p><p><a href=\"https:\/\/developers.google.com\/analytics\/devguides\/collection\/analyticsjs\/cookie-usage\">Google Analytics<\/a>Cookies (such as _ga) allow you to count how many times a user visits a website, how, when and from where they do so.<\/p><p>In any case, you can disable Google Analytics cookies by clicking on the following link<a href=\"https:\/\/tools.google.com\/dlpage\/gaoptout\">\u00a0here.<\/a><\/p><p><a href=\"http:\/\/www.google.com\/policies\/privacy\/\">Google<\/a>Cookies (NID or CONSENT) allow you to customise how ads are displayed outside of Google or to store information such as your preferred language when displaying search results.<\/p><p><a href=\"https:\/\/www.google.com\/policies\/technologies\/types\/\">Further information<\/a>\u00a0about the types of cookies used by Google across its many services.<\/p>\t\t\t\t\t\t\t\t<\/div>\n\t\t\t\t<\/div>\n\t\t\t\t\t<\/div>\n\t\t\t\t<\/div>\n\t\t\t\t<\/div>","protected":false},"excerpt":{"rendered":"<p>\u00bfQu\u00e9 son las cookies? En ingl\u00e9s, el t\u00e9rmino \u00abcookie\u00bb significa galleta, pero en el \u00e1mbito de la navegaci\u00f3n web, una \u00abcookie\u00bb es algo completamente distinto. Cuando accede a nuestro Sitio Web, en el navegador de su dispositivo se almacena una peque\u00f1a cantidad de texto que se denomina \u00abcookie\u00bb. Este texto contiene informaci\u00f3n variada sobre su [&hellip;]<\/p>\n","protected":false},"author":1,"featured_media":0,"parent":0,"menu_order":0,"comment_status":"closed","ping_status":"closed","template":"elementor_header_footer","meta":{"_joinchat":[],"footnotes":""},"class_list":["post-485","page","type-page","status-publish","hentry"],"yoast_head":"<!-- This site is optimized with the Yoast SEO plugin v27.1.1 - https:\/\/yoast.com\/product\/yoast-seo-wordpress\/ -->\n<title>Pol\u00edtica de Cookies - Prosperi Ordinas Abogados<\/title>\n<meta name=\"robots\" content=\"noindex, nofollow\" \/>\n<meta property=\"og:locale\" content=\"en_GB\" \/>\n<meta property=\"og:type\" content=\"article\" \/>\n<meta property=\"og:title\" content=\"Pol\u00edtica de Cookies - Prosperi Ordinas Abogados\" \/>\n<meta property=\"og:description\" content=\"\u00bfQu\u00e9 son las cookies? En ingl\u00e9s, el t\u00e9rmino \u00abcookie\u00bb significa galleta, pero en el \u00e1mbito de la navegaci\u00f3n web, una \u00abcookie\u00bb es algo completamente distinto. Cuando accede a nuestro Sitio Web, en el navegador de su dispositivo se almacena una peque\u00f1a cantidad de texto que se denomina \u00abcookie\u00bb. Este texto contiene informaci\u00f3n variada sobre su [&hellip;]\" \/>\n<meta property=\"og:url\" content=\"https:\/\/prosperiordinasabogados.com\/en\/cookie-policy\/\" \/>\n<meta property=\"og:site_name\" content=\"Prosperi Ordinas Abogados\" \/>\n<meta property=\"article:modified_time\" content=\"2025-11-26T16:59:58+00:00\" \/>\n<meta name=\"twitter:card\" content=\"summary_large_image\" \/>\n<meta name=\"twitter:label1\" content=\"Estimated reading time\" \/>\n\t<meta name=\"twitter:data1\" content=\"6 minutes\" \/>\n<script type=\"application\/ld+json\" class=\"yoast-schema-graph\">{\"@context\":\"https:\/\/schema.org\",\"@graph\":[{\"@type\":\"WebPage\",\"@id\":\"https:\/\/prosperiordinasabogados.com\/politica-de-cookies\/\",\"url\":\"https:\/\/prosperiordinasabogados.com\/politica-de-cookies\/\",\"name\":\"Pol\u00edtica de Cookies - Prosperi Ordinas Abogados\",\"isPartOf\":{\"@id\":\"https:\/\/prosperiordinasabogados.com\/#website\"},\"datePublished\":\"2025-11-25T10:27:11+00:00\",\"dateModified\":\"2025-11-26T16:59:58+00:00\",\"breadcrumb\":{\"@id\":\"https:\/\/prosperiordinasabogados.com\/politica-de-cookies\/#breadcrumb\"},\"inLanguage\":\"en-GB\",\"potentialAction\":[{\"@type\":\"ReadAction\",\"target\":[\"https:\/\/prosperiordinasabogados.com\/politica-de-cookies\/\"]}]},{\"@type\":\"BreadcrumbList\",\"@id\":\"https:\/\/prosperiordinasabogados.com\/politica-de-cookies\/#breadcrumb\",\"itemListElement\":[{\"@type\":\"ListItem\",\"position\":1,\"name\":\"Portada\",\"item\":\"https:\/\/prosperiordinasabogados.com\/\"},{\"@type\":\"ListItem\",\"position\":2,\"name\":\"Pol\u00edtica de Cookies\"}]},{\"@type\":\"WebSite\",\"@id\":\"https:\/\/prosperiordinasabogados.com\/#website\",\"url\":\"https:\/\/prosperiordinasabogados.com\/\",\"name\":\"Prosperi Ordinas Abogados\",\"description\":\"Despacho de Abogados especializado en Palma de Mallorca. Te cuidamos en todo lo relacionado al Derecho Civil y Mercantil.\",\"publisher\":{\"@id\":\"https:\/\/prosperiordinasabogados.com\/#organization\"},\"potentialAction\":[{\"@type\":\"SearchAction\",\"target\":{\"@type\":\"EntryPoint\",\"urlTemplate\":\"https:\/\/prosperiordinasabogados.com\/?s={search_term_string}\"},\"query-input\":{\"@type\":\"PropertyValueSpecification\",\"valueRequired\":true,\"valueName\":\"search_term_string\"}}],\"inLanguage\":\"en-GB\"},{\"@type\":\"Organization\",\"@id\":\"https:\/\/prosperiordinasabogados.com\/#organization\",\"name\":\"Prosperi Ordinas Abogados\",\"url\":\"https:\/\/prosperiordinasabogados.com\/\",\"logo\":{\"@type\":\"ImageObject\",\"inLanguage\":\"en-GB\",\"@id\":\"https:\/\/prosperiordinasabogados.com\/#\/schema\/logo\/image\/\",\"url\":\"https:\/\/prosperiordinasabogados.com\/wp-content\/uploads\/2025\/11\/prosperi-ordinas-abogados-mallorca.png\",\"contentUrl\":\"https:\/\/prosperiordinasabogados.com\/wp-content\/uploads\/2025\/11\/prosperi-ordinas-abogados-mallorca.png\",\"width\":821,\"height\":333,\"caption\":\"Prosperi Ordinas Abogados\"},\"image\":{\"@id\":\"https:\/\/prosperiordinasabogados.com\/#\/schema\/logo\/image\/\"}}]}<\/script>\n<!-- \/ Yoast SEO plugin. -->","yoast_head_json":{"title":"Cookies Policy - Prosperi Ordinas Abogados","robots":{"index":"noindex","follow":"nofollow"},"og_locale":"en_GB","og_type":"article","og_title":"Pol\u00edtica de Cookies - Prosperi Ordinas Abogados","og_description":"\u00bfQu\u00e9 son las cookies? En ingl\u00e9s, el t\u00e9rmino \u00abcookie\u00bb significa galleta, pero en el \u00e1mbito de la navegaci\u00f3n web, una \u00abcookie\u00bb es algo completamente distinto. Cuando accede a nuestro Sitio Web, en el navegador de su dispositivo se almacena una peque\u00f1a cantidad de texto que se denomina \u00abcookie\u00bb. Este texto contiene informaci\u00f3n variada sobre su [&hellip;]","og_url":"https:\/\/prosperiordinasabogados.com\/en\/cookie-policy\/","og_site_name":"Prosperi Ordinas Abogados","article_modified_time":"2025-11-26T16:59:58+00:00","twitter_card":"summary_large_image","twitter_misc":{"Estimated reading time":"6 minutes"},"schema":{"@context":"https:\/\/schema.org","@graph":[{"@type":"WebPage","@id":"https:\/\/prosperiordinasabogados.com\/politica-de-cookies\/","url":"https:\/\/prosperiordinasabogados.com\/politica-de-cookies\/","name":"Cookies Policy - Prosperi Ordinas Abogados","isPartOf":{"@id":"https:\/\/prosperiordinasabogados.com\/#website"},"datePublished":"2025-11-25T10:27:11+00:00","dateModified":"2025-11-26T16:59:58+00:00","breadcrumb":{"@id":"https:\/\/prosperiordinasabogados.com\/politica-de-cookies\/#breadcrumb"},"inLanguage":"en-GB","potentialAction":[{"@type":"ReadAction","target":["https:\/\/prosperiordinasabogados.com\/politica-de-cookies\/"]}]},{"@type":"BreadcrumbList","@id":"https:\/\/prosperiordinasabogados.com\/politica-de-cookies\/#breadcrumb","itemListElement":[{"@type":"ListItem","position":1,"name":"Portada","item":"https:\/\/prosperiordinasabogados.com\/"},{"@type":"ListItem","position":2,"name":"Pol\u00edtica de Cookies"}]},{"@type":"WebSite","@id":"https:\/\/prosperiordinasabogados.com\/#website","url":"https:\/\/prosperiordinasabogados.com\/","name":"Prosperi Ordinas Lawyers","description":"Law firm specialised in Palma de Mallorca. We take care of everything related to civil and corporate law.","publisher":{"@id":"https:\/\/prosperiordinasabogados.com\/#organization"},"potentialAction":[{"@type":"SearchAction","target":{"@type":"EntryPoint","urlTemplate":"https:\/\/prosperiordinasabogados.com\/?s={search_term_string}"},"query-input":{"@type":"PropertyValueSpecification","valueRequired":true,"valueName":"search_term_string"}}],"inLanguage":"en-GB"},{"@type":"Organization","@id":"https:\/\/prosperiordinasabogados.com\/#organization","name":"Prosperi Ordinas Lawyers","url":"https:\/\/prosperiordinasabogados.com\/","logo":{"@type":"ImageObject","inLanguage":"en-GB","@id":"https:\/\/prosperiordinasabogados.com\/#\/schema\/logo\/image\/","url":"https:\/\/prosperiordinasabogados.com\/wp-content\/uploads\/2025\/11\/prosperi-ordinas-abogados-mallorca.png","contentUrl":"https:\/\/prosperiordinasabogados.com\/wp-content\/uploads\/2025\/11\/prosperi-ordinas-abogados-mallorca.png","width":821,"height":333,"caption":"Prosperi Ordinas Abogados"},"image":{"@id":"https:\/\/prosperiordinasabogados.com\/#\/schema\/logo\/image\/"}}]}},"_links":{"self":[{"href":"https:\/\/prosperiordinasabogados.com\/en\/wp-json\/wp\/v2\/pages\/485","targetHints":{"allow":["GET"]}}],"collection":[{"href":"https:\/\/prosperiordinasabogados.com\/en\/wp-json\/wp\/v2\/pages"}],"about":[{"href":"https:\/\/prosperiordinasabogados.com\/en\/wp-json\/wp\/v2\/types\/page"}],"author":[{"embeddable":true,"href":"https:\/\/prosperiordinasabogados.com\/en\/wp-json\/wp\/v2\/users\/1"}],"replies":[{"embeddable":true,"href":"https:\/\/prosperiordinasabogados.com\/en\/wp-json\/wp\/v2\/comments?post=485"}],"version-history":[{"count":16,"href":"https:\/\/prosperiordinasabogados.com\/en\/wp-json\/wp\/v2\/pages\/485\/revisions"}],"predecessor-version":[{"id":895,"href":"https:\/\/prosperiordinasabogados.com\/en\/wp-json\/wp\/v2\/pages\/485\/revisions\/895"}],"wp:attachment":[{"href":"https:\/\/prosperiordinasabogados.com\/en\/wp-json\/wp\/v2\/media?parent=485"}],"curies":[{"name":"wp","href":"https:\/\/api.w.org\/{rel}","templated":true}]}}