{"id":483,"date":"2025-11-25T10:25:40","date_gmt":"2025-11-25T10:25:40","guid":{"rendered":"https:\/\/prosperiordinasabogados.com\/?page_id=483"},"modified":"2025-11-26T17:00:28","modified_gmt":"2025-11-26T17:00:28","slug":"privacy-policy","status":"publish","type":"page","link":"https:\/\/prosperiordinasabogados.com\/en\/politica-de-privacidad\/","title":{"rendered":"Privacy Policy"},"content":{"rendered":"<div data-elementor-type=\"wp-page\" data-elementor-id=\"483\" class=\"elementor elementor-483\" data-elementor-post-type=\"page\">\n\t\t\t\t<div class=\"elementor-element elementor-element-7ec146c e-flex e-con-boxed e-con e-parent\" data-id=\"7ec146c\" data-element_type=\"container\" data-e-type=\"container\" data-settings=\"{&quot;background_background&quot;:&quot;classic&quot;}\">\n\t\t\t\t\t<div class=\"e-con-inner\">\n\t\t<div class=\"elementor-element elementor-element-7c3a1f25 e-flex e-con-boxed e-con e-child\" data-id=\"7c3a1f25\" data-element_type=\"container\" data-e-type=\"container\">\n\t\t\t\t\t<div class=\"e-con-inner\">\n\t\t\t\t<div class=\"elementor-element elementor-element-3716fcc1 elementor-widget elementor-widget-heading\" data-id=\"3716fcc1\" data-element_type=\"widget\" data-e-type=\"widget\" data-widget_type=\"heading.default\">\n\t\t\t\t\t<h1 class=\"elementor-heading-title elementor-size-default\">Privacy Policy<\/h1>\t\t\t\t<\/div>\n\t\t\t\t\t<\/div>\n\t\t\t\t<\/div>\n\t\t\t\t\t<\/div>\n\t\t\t\t<\/div>\n\t\t<div class=\"elementor-element elementor-element-364fc0cc e-flex e-con-boxed e-con e-parent\" data-id=\"364fc0cc\" data-element_type=\"container\" data-e-type=\"container\">\n\t\t\t\t\t<div class=\"e-con-inner\">\n\t\t<div class=\"elementor-element elementor-element-2a2a7d37 e-con-full e-flex e-con e-child\" data-id=\"2a2a7d37\" data-element_type=\"container\" data-e-type=\"container\">\n\t\t\t\t<div class=\"elementor-element elementor-element-12f139dc elementor-widget elementor-widget-text-editor\" data-id=\"12f139dc\" data-element_type=\"widget\" data-e-type=\"widget\" data-widget_type=\"text-editor.default\">\n\t\t\t\t\t\t\t\t\t<p>The Owner informs you of its Privacy Policy regarding the processing and protection of personal data of users that may be collected while browsing through the Website: <a href=\"https:\/\/prosperiordinasabogados.com\/en\/privacy-policy\/\">https:\/\/prosperiordinasabogados.com<\/a><\/p><p>In this regard, the Data Controller guarantees compliance with current legislation on the protection of personal data, reflected in the Organic Law 3\/2018 of 5 December on the Protection of Personal Data and the Guarantee of Digital Rights (LOPD GDD). It also complies with Regulation (EU) 2016\/679 of the European Parliament and of the Council of 27 April 2016 on the protection of natural persons (GDPR).<\/p><p>The use of the website implies acceptance of this Privacy Policy as well as the conditions included in this Privacy Policy.\u00a0<a href=\"https:\/\/prosperiordinasabogados.com\/en\/legal-notice\/\">Legal Notice<\/a>.<\/p><h2>Identity of the Person Responsible<\/h2><ul><li><b>Responsible:<\/b>\u00a0 Rebecca Prosperi Segui.<\/li><li><b>NIF:<\/b>\u00a043210678A<\/li><li><b>Address:<\/b>\u00a0 Carrer de Can Diego, s\/n, 07141 Marratx\u00ed, Balearic Islands - Spain.<\/li><li><b>E-mail:<\/b>\u00a0 info@prosperiordinasabogados.com<\/li><li><b>Contact telephone number:<\/b>\u00a0 +34 644 14 97 02<\/li><li><b>Website:<\/b>\u00a0\u00a0<a href=\"https:\/\/prosperiordinasabogados.com\/en\/privacy-policy\/\">https:\/\/prosperiordinasabogados.com<\/a><\/li><\/ul><h2>Principles applied in data processing<\/h2><p>In processing your personal data, the Data Controller shall apply the following principles that are in line with the requirements of the new European Data Protection Regulation (GDPR):<\/p><ul><li>Principle of lawfulness, fairness and transparency: The Data Controller will always require consent for the processing of personal data, which may be for one or more specific purposes about which the Data Controller will inform the User beforehand with absolute transparency.<\/li><li>Principle of data minimisation: The Data Controller shall request only the data strictly necessary for the purpose(s) for which the data is requested.<\/li><li>Principle of limitation of the storage period: The Data Controller shall keep the personal data collected for the time strictly necessary for the purpose(s) of the processing. The Data Controller shall inform the User of the relevant retention period according to the purpose.<br \/>In the case of subscriptions, the Registrant will periodically review the lists and remove those registrations that have been inactive for a considerable period of time.<\/li><li>Principle of integrity and confidentiality: The personal data collected will be treated in such a way that their security, confidentiality and integrity is guaranteed.<br \/>The Data Controller takes the necessary precautions to prevent unauthorised access or misuse of its users' data by third parties.<\/li><\/ul><h2>Collection of personal data<\/h2><p>You do not need to provide any personal data to browse the website.<\/p><p>The cases in which you do provide your personal data are as follows:<\/p><ul><li>By signing up for a subscription form or newsletter that the Owner manages with MailChimp.<\/li><\/ul><h2>Rights<\/h2><p>The Data Subject informs you that he\/she has the right to access his\/her personal data:<\/p><ul><li>Request access to stored data.<\/li><li>Request rectification or erasure.<\/li><li>Request the restriction of their processing.<\/li><li>Opposing treatment.<\/li><\/ul><p>You cannot exercise the right to data portability.<\/p><p>The exercise of these rights is personal and must therefore be exercised directly by the data subject, requesting it directly from the Data Controller, which means that any customer, subscriber or collaborator who has provided their data at any time may contact the Data Controller and request information about the data stored and how it was obtained, request rectification of the data, oppose its processing, limit its use or request the deletion of such data from the Data Controller's files.<\/p><p>To exercise your rights, please send your request together with a photocopy of your National Identity Card or equivalent to the following e-mail address: info@prosperiordinasabogados.com<\/p><p>The exercise of these rights does not include any data that the Data Controller is obliged to retain for administrative, legal or security purposes.<\/p><p>You have the right to effective judicial protection and to lodge a complaint with the supervisory authority, in this case the Spanish Data Protection Agency, if you consider that the processing of personal data concerning you is in breach of the Regulation.<\/p><h2 id=\"finalidad-del-tratamiento-de-datos-personales\">Purpose of the processing of personal data<\/h2><p>When you connect to the Website to send an email to the Owner, subscribe to its newsletter, you are providing personal information for which the Owner is responsible. This information may include personal data such as your IP address, first and last name, physical address, email address, telephone number, and other information. By providing this information, you consent to your information being collected, used, managed and stored by - Raiola Networks - only as described on the pages:<\/p><ul><li><a href=\"https:\/\/prosperiordinasabogados.com\/en\/legal-notice\/\">Legal Notice<\/a><\/li><li><a href=\"https:\/\/prosperiordinasabogados.com\/en\/privacy-policy\/\">Privacy Policy<\/a><\/li><\/ul><p>The personal data and the purpose of the processing by the Data Subject is different depending on the information capture system:<\/p><ul><li>Content subscription forms: The Holder requests the following personal data: name and surname, email address, telephone number and website address to manage the subscription list, send newsletters, promotions and special offers. The personal data provided to the Data Controller will be located on the servers of The Rocket Science Group LLC d\/b\/a, domiciled in the USA (Mailchimp).<\/li><\/ul><p>There are other purposes for which the Data Controller processes personal data:<\/p><ul><li>To ensure compliance with the conditions set out in the Legal Notice page and applicable law. This may include the development of tools and algorithms to help the Website ensure the confidentiality of the personal data it collects.<\/li><li>To support and improve the services offered by this Website.<\/li><li>To analyse user browsing. The Owner collects other non-identifying data obtained through the use of cookies that are downloaded to the User's computer when browsing the Website, the characteristics and purpose of which are detailed on the page of\u00a0<a href=\"https:\/\/prosperiordinasabogados.com\/en\/cookie-policy\/\">Cookie Policy<\/a>.<\/li><li><p>To manage social networks. The Data Controller has a presence on social networks. If you become a follower on the social networks of the Holder, the processing of personal data will be governed by this section, as well as by those conditions of use, privacy policies and access regulations that belong to the social network that applies in each case and that you have previously accepted.<br \/>You can consult the privacy policies of the main social networks by following these links:<\/p><ul><li><a href=\"https:\/\/www.facebook.com\/help\/cookies\" target=\"_blank\" rel=\"nofollow noopener\">Facebook<\/a><\/li><li><a href=\"https:\/\/twitter.com\/privacy\" target=\"_blank\" rel=\"nofollow noopener\">Twitter<\/a><\/li><li><a href=\"https:\/\/www.linkedin.com\/legal\/cookie-policy\" target=\"_blank\" rel=\"nofollow noopener\">Linkedin<\/a><\/li><li><a href=\"https:\/\/www.youtube.com\/privacy\" target=\"_blank\" rel=\"nofollow noopener\">YouTube<\/a><\/li><li><a href=\"https:\/\/www.instagram.com\/legal\/privacy\/\" target=\"_blank\" rel=\"nofollow noopener\">Instagram<\/a><\/li><\/ul><p>The Owner will process your personal data in order to correctly manage your presence on the social network, inform you of its activities, as well as for any other purpose that the regulations of the social networks allow.<\/p><p>Under no circumstances will the Data Controller use the profiles of followers on social networks to send advertising on an individual basis.<\/p><\/li><\/ul><h2>Security of personal data<\/h2><p>To protect your personal data, the Data Controller takes all reasonable precautions and follows industry best practices to prevent the loss, misuse, improper access, disclosure, alteration or destruction of your personal data.<\/p><p>The website is hosted by: Raiola Networks. The security of the data is guaranteed, as they take all the necessary security measures to do so. You can consult their privacy policy for more information.<\/p><p>The Data Controller informs the User that their personal data will not be transferred to third party organisations, except when such transfer of data is covered by a legal obligation or when the provision of a service implies the need for a contractual relationship with a data processor. In the latter case, the transfer of data to the third party will only be carried out when the Data Controller has the express consent of the User.<\/p><p>However, in some cases, collaborations may be carried out with other professionals; in such cases, the User's consent will be required, informing the identity of the collaborator and the purpose of the collaboration. This will always be carried out with the strictest security standards.<\/p><h2>Content from other websites<\/h2><p>Pages on this website may include embedded content (e.g. videos, images, articles, etc.). Embedded content from other websites behaves in exactly the same way as if you had visited the other website.<\/p><p>These websites may collect data about you, use cookies, embed additional tracking code from third parties, and monitor your interaction using this code.<\/p><h2>Cookie Policy<\/h2><p>In order for this website to function properly it needs to use cookies, which is information that is stored in your web browser.<\/p><p>You can consult all the information relating to the policy of collection and treatment of cookies on the page of\u00a0<a href=\"https:\/\/prosperiordinasabogados.com\/en\/cookie-policy\/\">Cookie Policy<\/a>.<\/p><h2>Legitimation for data processing<\/h2><p>The legal basis for the processing of your data is:<\/p><ul><li>The consent of the data subject.<\/li><\/ul><h2>Categories of personal data<\/h2><p>The categories of personal data processed by the Data Controller are:<\/p><ul><li>Identifying data.<\/li><li>No specially protected categories of data are processed.<\/li><\/ul><h2>Retention of personal data<\/h2><p>Personal data provided to the Data Subject will be retained until such time as the Data Subject requests its deletion.<\/p><div id=\"destinatarios\"><h2>Recipients of personal data<\/h2><ul><li><b>Mailchimp<\/b>\u00a0The Rocket Science Group LLC d\/b\/a , domiciled in the USA.<br \/>For more information, please visit\u00a0<a href=\"https:\/\/mailchimp.com\/legal\/privacy\/\" target=\"_blank\" rel=\"nofollow noopener\">https:\/\/mailchimp.com<\/a><br \/>The Rocket Science Group LLC d\/b\/a processes the data for the purpose of providing email marketing services to the Data Subject.<\/li><li><b>Google Analytics<\/b>\u00a0is a web analytics service provided by Google, Inc., a Delaware company headquartered at 1600 Amphitheatre Parkway, Mountain View, California, CA 94043, United States (\u00abGoogle\u00bb).<br \/>Google Analytics uses \u00abcookies\u00bb, which are text files placed on your computer, to help the operator analyse how users use the website. The information generated by the cookie about your use of the website (including your IP address) will be transmitted to and stored by Google on servers in the United States.<br \/>For more information, please visit\u00a0<a href=\"https:\/\/policies.google.com\/privacy?hl=es-ES\" target=\"_blank\" rel=\"nofollow noopener\">https:\/\/analytics.google.com<\/a><\/li><\/ul><p><span style=\"font-family: -apple-system, BlinkMacSystemFont, 'Segoe UI', Roboto, 'Helvetica Neue', Arial, 'Noto Sans', sans-serif, 'Apple Color Emoji', 'Segoe UI Emoji', 'Segoe UI Symbol', 'Noto Color Emoji';\">You can read about how Google handles privacy regarding the use of cookies and other information on Google's Privacy Policy page: <\/span><a style=\"font-family: -apple-system, BlinkMacSystemFont, 'Segoe UI', Roboto, 'Helvetica Neue', Arial, 'Noto Sans', sans-serif, 'Apple Color Emoji', 'Segoe UI Emoji', 'Segoe UI Symbol', 'Noto Color Emoji';\" href=\"https:\/\/policies.google.com\/privacy?hl=es\" target=\"_blank\" rel=\"nofollow noopener\">https:\/\/policies.google.com\/privacy?hl=es<\/a><\/p><\/div><p>You can also see a list of the types of cookies used by Google and its partners and all the information regarding their use of advertising cookies at:<\/p><ul><li><a href=\"https:\/\/policies.google.com\/technologies\/types?hl=es\" target=\"_blank\" rel=\"nofollow noopener\">Types of cookies used by Google<\/a><\/li><li><a href=\"https:\/\/policies.google.com\/technologies\/ads?hl=es\" target=\"_blank\" rel=\"nofollow noopener\">How Google uses cookies in advertising<\/a>.<\/li><\/ul><h2>Web browsing<\/h2><p>As you browse the Website, non-identifying data may be collected, which may include, IP address, geolocation, a record of how services and sites are used, browsing habits and other data that cannot be used to identify you.<\/p><p>The website uses the following third-party analysis services:<\/p><ul><li>Google Analytics<\/li><li>Google Search Console<\/li><li>Google Tag Manager<\/li><li>Google Ads<\/li><\/ul><p>The Owner uses the information obtained to obtain statistical data, analyse trends, administer the site, study browsing patterns and to gather demographic information.<\/p><p>The Owner is not responsible for the processing of personal data by websites that can be accessed through the various links contained in the Website.<\/p><h2>Accuracy and veracity of personal data<\/h2><p>You undertake to ensure that the data provided to the Data Controller is correct, complete, accurate and up to date, as well as to keep it duly updated.<\/p><p>As a User of the Website, you are solely responsible for the veracity and correctness of the data submitted to the Website, exonerating the Owner of any liability in this regard.<\/p><h2>Acceptance and consent<\/h2><p>As a User of the Website, you declare that you have been informed of the conditions on the protection of personal data, and you accept and consent to the processing of such data by the Owner in the manner and for the purposes indicated in this Privacy Policy.<\/p><p>To contact the Owner, subscribe to a newsletter or make comments on this website you must accept this Privacy Policy.<\/p><h2>Changes to the Privacy Policy<\/h2><p>The Owner reserves the right to modify this Privacy Policy to adapt it to new legislation or jurisprudence, as well as to industry practices.<\/p><p>These policies shall remain in force until amended by other duly published policies.<\/p>\t\t\t\t\t\t\t\t<\/div>\n\t\t\t\t<\/div>\n\t\t\t\t\t<\/div>\n\t\t\t\t<\/div>\n\t\t\t\t<\/div>","protected":false},"excerpt":{"rendered":"<p>El Titular le informa sobre su Pol\u00edtica de Privacidad respecto del tratamiento y protecci\u00f3n de los datos de car\u00e1cter personal de los usuarios que puedan ser recabados durante la navegaci\u00f3n a trav\u00e9s del Sitio Web: https:\/\/prosperiordinasabogados.com En este sentido, el Titular garantiza el cumplimiento de la normativa vigente en materia de protecci\u00f3n de datos personales, [&hellip;]<\/p>\n","protected":false},"author":1,"featured_media":0,"parent":0,"menu_order":0,"comment_status":"closed","ping_status":"closed","template":"elementor_header_footer","meta":{"_joinchat":[],"footnotes":""},"class_list":["post-483","page","type-page","status-publish","hentry"],"yoast_head":"<!-- This site is optimized with the Yoast SEO plugin v27.1.1 - https:\/\/yoast.com\/product\/yoast-seo-wordpress\/ -->\n<title>Pol\u00edtica de Privacidad - Prosperi Ordinas Abogados<\/title>\n<meta name=\"robots\" content=\"noindex, nofollow\" \/>\n<meta property=\"og:locale\" content=\"en_GB\" \/>\n<meta property=\"og:type\" content=\"article\" \/>\n<meta property=\"og:title\" content=\"Pol\u00edtica de Privacidad - Prosperi Ordinas Abogados\" \/>\n<meta property=\"og:description\" content=\"El Titular le informa sobre su Pol\u00edtica de Privacidad respecto del tratamiento y protecci\u00f3n de los datos de car\u00e1cter personal de los usuarios que puedan ser recabados durante la navegaci\u00f3n a trav\u00e9s del Sitio Web: https:\/\/prosperiordinasabogados.com En este sentido, el Titular garantiza el cumplimiento de la normativa vigente en materia de protecci\u00f3n de datos personales, [&hellip;]\" \/>\n<meta property=\"og:url\" content=\"https:\/\/prosperiordinasabogados.com\/en\/privacy-policy\/\" \/>\n<meta property=\"og:site_name\" content=\"Prosperi Ordinas Abogados\" \/>\n<meta property=\"article:modified_time\" content=\"2025-11-26T17:00:28+00:00\" \/>\n<meta name=\"twitter:card\" content=\"summary_large_image\" \/>\n<meta name=\"twitter:label1\" content=\"Estimated reading time\" \/>\n\t<meta name=\"twitter:data1\" content=\"9 minutes\" \/>\n<script type=\"application\/ld+json\" class=\"yoast-schema-graph\">{\"@context\":\"https:\/\/schema.org\",\"@graph\":[{\"@type\":\"WebPage\",\"@id\":\"https:\/\/prosperiordinasabogados.com\/politica-de-privacidad\/\",\"url\":\"https:\/\/prosperiordinasabogados.com\/politica-de-privacidad\/\",\"name\":\"Pol\u00edtica de Privacidad - Prosperi Ordinas Abogados\",\"isPartOf\":{\"@id\":\"https:\/\/prosperiordinasabogados.com\/#website\"},\"datePublished\":\"2025-11-25T10:25:40+00:00\",\"dateModified\":\"2025-11-26T17:00:28+00:00\",\"breadcrumb\":{\"@id\":\"https:\/\/prosperiordinasabogados.com\/politica-de-privacidad\/#breadcrumb\"},\"inLanguage\":\"en-GB\",\"potentialAction\":[{\"@type\":\"ReadAction\",\"target\":[\"https:\/\/prosperiordinasabogados.com\/politica-de-privacidad\/\"]}]},{\"@type\":\"BreadcrumbList\",\"@id\":\"https:\/\/prosperiordinasabogados.com\/politica-de-privacidad\/#breadcrumb\",\"itemListElement\":[{\"@type\":\"ListItem\",\"position\":1,\"name\":\"Portada\",\"item\":\"https:\/\/prosperiordinasabogados.com\/\"},{\"@type\":\"ListItem\",\"position\":2,\"name\":\"Pol\u00edtica de Privacidad\"}]},{\"@type\":\"WebSite\",\"@id\":\"https:\/\/prosperiordinasabogados.com\/#website\",\"url\":\"https:\/\/prosperiordinasabogados.com\/\",\"name\":\"Prosperi Ordinas Abogados\",\"description\":\"Despacho de Abogados especializado en Palma de Mallorca. Te cuidamos en todo lo relacionado al Derecho Civil y Mercantil.\",\"publisher\":{\"@id\":\"https:\/\/prosperiordinasabogados.com\/#organization\"},\"potentialAction\":[{\"@type\":\"SearchAction\",\"target\":{\"@type\":\"EntryPoint\",\"urlTemplate\":\"https:\/\/prosperiordinasabogados.com\/?s={search_term_string}\"},\"query-input\":{\"@type\":\"PropertyValueSpecification\",\"valueRequired\":true,\"valueName\":\"search_term_string\"}}],\"inLanguage\":\"en-GB\"},{\"@type\":\"Organization\",\"@id\":\"https:\/\/prosperiordinasabogados.com\/#organization\",\"name\":\"Prosperi Ordinas Abogados\",\"url\":\"https:\/\/prosperiordinasabogados.com\/\",\"logo\":{\"@type\":\"ImageObject\",\"inLanguage\":\"en-GB\",\"@id\":\"https:\/\/prosperiordinasabogados.com\/#\/schema\/logo\/image\/\",\"url\":\"https:\/\/prosperiordinasabogados.com\/wp-content\/uploads\/2025\/11\/prosperi-ordinas-abogados-mallorca.png\",\"contentUrl\":\"https:\/\/prosperiordinasabogados.com\/wp-content\/uploads\/2025\/11\/prosperi-ordinas-abogados-mallorca.png\",\"width\":821,\"height\":333,\"caption\":\"Prosperi Ordinas Abogados\"},\"image\":{\"@id\":\"https:\/\/prosperiordinasabogados.com\/#\/schema\/logo\/image\/\"}}]}<\/script>\n<!-- \/ Yoast SEO plugin. -->","yoast_head_json":{"title":"Privacy Policy - Prosperi Ordinas Abogados","robots":{"index":"noindex","follow":"nofollow"},"og_locale":"en_GB","og_type":"article","og_title":"Pol\u00edtica de Privacidad - Prosperi Ordinas Abogados","og_description":"El Titular le informa sobre su Pol\u00edtica de Privacidad respecto del tratamiento y protecci\u00f3n de los datos de car\u00e1cter personal de los usuarios que puedan ser recabados durante la navegaci\u00f3n a trav\u00e9s del Sitio Web: https:\/\/prosperiordinasabogados.com En este sentido, el Titular garantiza el cumplimiento de la normativa vigente en materia de protecci\u00f3n de datos personales, [&hellip;]","og_url":"https:\/\/prosperiordinasabogados.com\/en\/privacy-policy\/","og_site_name":"Prosperi Ordinas Abogados","article_modified_time":"2025-11-26T17:00:28+00:00","twitter_card":"summary_large_image","twitter_misc":{"Estimated reading time":"9 minutes"},"schema":{"@context":"https:\/\/schema.org","@graph":[{"@type":"WebPage","@id":"https:\/\/prosperiordinasabogados.com\/politica-de-privacidad\/","url":"https:\/\/prosperiordinasabogados.com\/politica-de-privacidad\/","name":"Privacy Policy - Prosperi Ordinas Abogados","isPartOf":{"@id":"https:\/\/prosperiordinasabogados.com\/#website"},"datePublished":"2025-11-25T10:25:40+00:00","dateModified":"2025-11-26T17:00:28+00:00","breadcrumb":{"@id":"https:\/\/prosperiordinasabogados.com\/politica-de-privacidad\/#breadcrumb"},"inLanguage":"en-GB","potentialAction":[{"@type":"ReadAction","target":["https:\/\/prosperiordinasabogados.com\/politica-de-privacidad\/"]}]},{"@type":"BreadcrumbList","@id":"https:\/\/prosperiordinasabogados.com\/politica-de-privacidad\/#breadcrumb","itemListElement":[{"@type":"ListItem","position":1,"name":"Portada","item":"https:\/\/prosperiordinasabogados.com\/"},{"@type":"ListItem","position":2,"name":"Pol\u00edtica de Privacidad"}]},{"@type":"WebSite","@id":"https:\/\/prosperiordinasabogados.com\/#website","url":"https:\/\/prosperiordinasabogados.com\/","name":"Prosperi Ordinas Lawyers","description":"Law firm specialised in Palma de Mallorca. We take care of everything related to civil and corporate law.","publisher":{"@id":"https:\/\/prosperiordinasabogados.com\/#organization"},"potentialAction":[{"@type":"SearchAction","target":{"@type":"EntryPoint","urlTemplate":"https:\/\/prosperiordinasabogados.com\/?s={search_term_string}"},"query-input":{"@type":"PropertyValueSpecification","valueRequired":true,"valueName":"search_term_string"}}],"inLanguage":"en-GB"},{"@type":"Organization","@id":"https:\/\/prosperiordinasabogados.com\/#organization","name":"Prosperi Ordinas Lawyers","url":"https:\/\/prosperiordinasabogados.com\/","logo":{"@type":"ImageObject","inLanguage":"en-GB","@id":"https:\/\/prosperiordinasabogados.com\/#\/schema\/logo\/image\/","url":"https:\/\/prosperiordinasabogados.com\/wp-content\/uploads\/2025\/11\/prosperi-ordinas-abogados-mallorca.png","contentUrl":"https:\/\/prosperiordinasabogados.com\/wp-content\/uploads\/2025\/11\/prosperi-ordinas-abogados-mallorca.png","width":821,"height":333,"caption":"Prosperi Ordinas Abogados"},"image":{"@id":"https:\/\/prosperiordinasabogados.com\/#\/schema\/logo\/image\/"}}]}},"_links":{"self":[{"href":"https:\/\/prosperiordinasabogados.com\/en\/wp-json\/wp\/v2\/pages\/483","targetHints":{"allow":["GET"]}}],"collection":[{"href":"https:\/\/prosperiordinasabogados.com\/en\/wp-json\/wp\/v2\/pages"}],"about":[{"href":"https:\/\/prosperiordinasabogados.com\/en\/wp-json\/wp\/v2\/types\/page"}],"author":[{"embeddable":true,"href":"https:\/\/prosperiordinasabogados.com\/en\/wp-json\/wp\/v2\/users\/1"}],"replies":[{"embeddable":true,"href":"https:\/\/prosperiordinasabogados.com\/en\/wp-json\/wp\/v2\/comments?post=483"}],"version-history":[{"count":13,"href":"https:\/\/prosperiordinasabogados.com\/en\/wp-json\/wp\/v2\/pages\/483\/revisions"}],"predecessor-version":[{"id":898,"href":"https:\/\/prosperiordinasabogados.com\/en\/wp-json\/wp\/v2\/pages\/483\/revisions\/898"}],"wp:attachment":[{"href":"https:\/\/prosperiordinasabogados.com\/en\/wp-json\/wp\/v2\/media?parent=483"}],"curies":[{"name":"wp","href":"https:\/\/api.w.org\/{rel}","templated":true}]}}